{"id":219,"date":"2025-11-02T13:27:19","date_gmt":"2025-11-02T13:27:19","guid":{"rendered":"https:\/\/haeser-malerbetrieb.isotestsrv.de\/?page_id=219"},"modified":"2025-11-11T16:27:26","modified_gmt":"2025-11-11T16:27:26","slug":"kondenstrockner","status":"publish","type":"page","link":"https:\/\/haeser-malerbetrieb.isotestsrv.de\/?page_id=219","title":{"rendered":"Kondenstrockner"},"content":{"rendered":"\t\t<div data-elementor-type=\"wp-page\" data-elementor-id=\"219\" class=\"elementor elementor-219\">\n\t\t\t\t<div class=\"elementor-element elementor-element-e7f7689 e-flex e-con-boxed e-con e-parent\" data-id=\"e7f7689\" data-element_type=\"container\" data-e-type=\"container\" data-settings=\"{&quot;background_background&quot;:&quot;classic&quot;}\">\n\t\t\t\t\t<div class=\"e-con-inner\">\n\t\t<div class=\"elementor-element elementor-element-9c6fa53 e-con-full e-flex e-con e-child\" data-id=\"9c6fa53\" data-element_type=\"container\" data-e-type=\"container\">\n\t\t\t\t<div class=\"elementor-element elementor-element-34989d4 elementor-widget elementor-widget-heading\" data-id=\"34989d4\" data-element_type=\"widget\" data-e-type=\"widget\" data-widget_type=\"heading.default\">\n\t\t\t\t\t<h2 class=\"elementor-heading-title elementor-size-default\">Kondenstrockner<\/h2>\t\t\t\t<\/div>\n\t\t\t\t<div class=\"elementor-element elementor-element-9519893 elementor-widget elementor-widget-heading\" data-id=\"9519893\" data-element_type=\"widget\" data-e-type=\"widget\" data-widget_type=\"heading.default\">\n\t\t\t\t\t<h2 class=\"elementor-heading-title elementor-size-default\">Thomas H\u00e4ser GmbH<\/h2>\t\t\t\t<\/div>\n\t\t\t\t<\/div>\n\t\t<div class=\"elementor-element elementor-element-75a354d e-con-full e-flex e-con e-child\" data-id=\"75a354d\" data-element_type=\"container\" data-e-type=\"container\">\n\t\t<div class=\"elementor-element elementor-element-6d6f1d2 e-con-full e-flex elementor-invisible e-con e-child\" data-id=\"6d6f1d2\" data-element_type=\"container\" data-e-type=\"container\" data-settings=\"{&quot;animation&quot;:&quot;fadeIn&quot;}\">\n\t\t\t\t<div class=\"elementor-element elementor-element-dddd637 elementor-widget elementor-widget-heading\" data-id=\"dddd637\" data-element_type=\"widget\" data-e-type=\"widget\" data-widget_type=\"heading.default\">\n\t\t\t\t\t<h2 class=\"elementor-heading-title elementor-size-default\">Das Leistungsspektrum ist vielf\u00e4ltig, wie z.B.<\/h2>\t\t\t\t<\/div>\n\t\t\t\t<div class=\"elementor-element elementor-element-ee4fa63 elementor-widget elementor-widget-text-editor\" data-id=\"ee4fa63\" data-element_type=\"widget\" data-e-type=\"widget\" data-widget_type=\"text-editor.default\">\n\t\t\t\t\t\t\t\t\t<p>Unter Bautrocknung von Neubauten \u2013 Ausbauten \u2013 Umbauten eines Hauses oder einer Wohnung versteht man die Entfernung des \u00dcberschusswassers, das in den verschiedenen Materialien der Neubauten zu finden ist und das entfernt werden muss, bevor das Geb\u00e4ude bezogen wird, um weitere Feuchtigkeitssch\u00e4den zu vermeiden.<\/p>\t\t\t\t\t\t\t\t<\/div>\n\t\t\t\t<div class=\"elementor-element elementor-element-c8e3ed6 elementor-widget elementor-widget-text-editor\" data-id=\"c8e3ed6\" data-element_type=\"widget\" data-e-type=\"widget\" data-widget_type=\"text-editor.default\">\n\t\t\t\t\t\t\t\t\t<p>Die Herstellung von Beton, Innenputz und Estrich geschieht unter Verwendung gro\u00dfer Wassermengen. Tapeten, Bodenbel\u00e4ge wie Parkett oder Fliesen k\u00f6nnen erst eingebracht werden, wenn die Bausubstanz einen entsprechenden Trocknungsgrad erreicht hat. In der heutigen Zeit ist die durchschnittliche Austrocknung aus wirtschaftlichen Gr\u00fcnden immer k\u00fcrzer geplant und Bauverz\u00f6gerungen kosten vor allem den Bauherrn bares Geld.<\/p>\t\t\t\t\t\t\t\t<\/div>\n\t\t\t\t<div class=\"elementor-element elementor-element-b36cea2 elementor-widget elementor-widget-text-editor\" data-id=\"b36cea2\" data-element_type=\"widget\" data-e-type=\"widget\" data-widget_type=\"text-editor.default\">\n\t\t\t\t\t\t\t\t\t<p>Was kann passieren, wenn das Haus oder die Wohnung nicht ausreichend getrocknet ist ?<\/p>\t\t\t\t\t\t\t\t<\/div>\n\t\t\t\t<div class=\"elementor-element elementor-element-714ba1c elementor-widget elementor-widget-text-editor\" data-id=\"714ba1c\" data-element_type=\"widget\" data-e-type=\"widget\" data-widget_type=\"text-editor.default\">\n\t\t\t\t\t\t\t\t\t<p>Neben Aufw\u00f6lbungen eines unmittelbar auf einen frisch eingebauten Zementestrich verlegter Laminatfu\u00dfboden bis hin zur Schimmelbildung im Wohn- und Kellerbereich ist ebenso der in den ersten Jahren zus\u00e4tzliche Heizkostenbedarf in einem nicht ausgetrocknetem Haus m\u00f6glich. Da die noch feuchte Luft schwerer zu erw\u00e4rmen ist als trockene Luft, weisen Studien den Heizungsmehraufwand in den ersten Jahren durchschnittlich um 20-30 % h\u00f6her aus, als dies bei ausgetrockneten R\u00e4umlichkeiten der Fall gewesen w\u00e4re.<\/p>\t\t\t\t\t\t\t\t<\/div>\n\t\t\t\t<div class=\"elementor-element elementor-element-d8f29e3 elementor-widget elementor-widget-text-editor\" data-id=\"d8f29e3\" data-element_type=\"widget\" data-e-type=\"widget\" data-widget_type=\"text-editor.default\">\n\t\t\t\t\t\t\t\t\t<p>Die Aufstellung von Kondenstrocknern k\u00f6nnen in kurzer Zeit die nat\u00fcrliche Austrocknung der R\u00e4umlichkeiten \u00fcbernehmen. F\u00fcr eine effektive und rasche Bautrocknung verwenden wir leistungstarke Kondenstrockner vom Fabrikat Wilms.<\/p>\t\t\t\t\t\t\t\t<\/div>\n\t\t\t\t<div class=\"elementor-element elementor-element-09d358b elementor-widget elementor-widget-text-editor\" data-id=\"09d358b\" data-element_type=\"widget\" data-e-type=\"widget\" data-widget_type=\"text-editor.default\">\n\t\t\t\t\t\t\t\t\t<p>Die Kompakt-Bautrockner KT 700 sind fahrbare, leistungsstarker Profi- Luftentfeuchter nach dem Kondensationsprinzip, vorwiegend f\u00fcr den gewerblichen Einsatz zur Bauaustrocknung und zur Wasserschadenssanierung, f\u00fcr Raumgr\u00f6\u00dfen bis ca. 350 m3.<\/p>\t\t\t\t\t\t\t\t<\/div>\n\t\t\t\t<div class=\"elementor-element elementor-element-b209588 elementor-widget elementor-widget-text-editor\" data-id=\"b209588\" data-element_type=\"widget\" data-e-type=\"widget\" data-widget_type=\"text-editor.default\">\n\t\t\t\t\t\t\t\t\t<p>Der Prozessverlauf einer Austrocknung ist oft der, dass der Kondenstrockner kontinuierlich in Betrieb ist und die relative Feuchtigkeit senkt, w\u00e4hrend sich die Lufttemperatur als ein Gleichgewicht zwischen der W\u00e4rmezufuhr vom Entfeuchtungsger\u00e4t und dem W\u00e4rmeverlust des Geb\u00e4udes, in Relation zur jeweiligen Au\u00dfentemperatur, einstellt. Wenn die relative Feuchte f\u00e4llt, findet eine weitere Verdampfung des Wassers aus den Baumaterialien statt. Die Intensit\u00e4t dieser Verdampfung h\u00e4ngt von der Raumtemperatur, den Materialien und der Luftfeuchtigkeit ab.<\/p>\t\t\t\t\t\t\t\t<\/div>\n\t\t\t\t<div class=\"elementor-element elementor-element-f14da9a elementor-widget elementor-widget-text-editor\" data-id=\"f14da9a\" data-element_type=\"widget\" data-e-type=\"widget\" data-widget_type=\"text-editor.default\">\n\t\t\t\t\t\t\t\t\t<p>Es entsteht aber in allen F\u00e4llen ein Gleichgewicht mit verh\u00e4ltnism\u00e4\u00dfig stabiler Feuchtigkeit und Temperatur. Die Kompakt-Bautrockner KT 700 verf\u00fcgen \u00fcber eine aktive, elektronisch gesteuerte Abtauung und Anzeigetableaus f\u00fcr alle Betriebszust\u00e4nde. Die Wasserbeh\u00e4lter verf\u00fcgen \u00fcber eine Vollabschaltung und Signalisierung oder sind alternativ zum Betrieb mit einem Ablaufschlauch nutzbar. Unsere qualifizierte Beratung garantiert, dass Sie genau das Ger\u00e4t mieten, das Ihnen hilft, Ihr Problem schnell und zuverl\u00e4ssig in den Griff zu bekommen.<br \/>Schildern Sie uns telefonisch Ihr Problem und wir geben Ihnen gerne die ben\u00f6tigten Ger\u00e4teanzahl, sowie die entsprechenden Mietgeb\u00fchren an. Selbstverst\u00e4ndlich liefern wir die Kondenstrockner aus, stellen sie auf und leeren die Wasserbeh\u00e4lter t\u00e4glich f\u00fcr sie, wenn Sie es w\u00fcnschen. Fragen Sie nach den Servicepauschalen.<\/p>\t\t\t\t\t\t\t\t<\/div>\n\t\t\t\t<\/div>\n\t\t<div class=\"elementor-element elementor-element-27cc263 e-con-full e-flex e-con e-child\" data-id=\"27cc263\" data-element_type=\"container\" data-e-type=\"container\">\n\t\t\t\t<div class=\"elementor-element elementor-element-4491210 elementor-invisible elementor-widget elementor-widget-image\" data-id=\"4491210\" data-element_type=\"widget\" data-e-type=\"widget\" data-settings=\"{&quot;_animation&quot;:&quot;fadeInDown&quot;}\" data-widget_type=\"image.default\">\n\t\t\t\t\t\t\t\t\t\t\t\t\t\t\t<img decoding=\"async\" width=\"200\" height=\"150\" src=\"https:\/\/haeser-malerbetrieb.isotestsrv.de\/wp-content\/uploads\/2025\/11\/Kondenstrockner_Trockner.jpg\" class=\"attachment-full size-full wp-image-221\" alt=\"\" \/>\t\t\t\t\t\t\t\t\t\t\t\t\t\t\t<\/div>\n\t\t\t\t<div class=\"elementor-element elementor-element-b2a06d1 elementor-invisible elementor-widget elementor-widget-text-editor\" data-id=\"b2a06d1\" data-element_type=\"widget\" data-e-type=\"widget\" data-settings=\"{&quot;_animation&quot;:&quot;fadeIn&quot;}\" data-widget_type=\"text-editor.default\">\n\t\t\t\t\t\t\t\t\t<div id=\"container\" data-frontend=\"dexter\" data-frontend-state=\"\"><article id=\"content\" role=\"main\"><div id=\"post-144\" class=\"post-144 page type-page status-publish hentry\"><div class=\"entry-content\"><p>Fabrikat\/Typ: Kennwerte<br \/>Wilms: KT700<br \/>Entfeuchtungsleistung: bis 45 l in 24 Std.<br \/>Luftleistung: 700 m3\/h<br \/>Stromart: 230 V\/50 Hz<br \/>Stromverbrauch: 0,94 kwh<br \/>Gewicht: 51 kg<br \/>H\u00f6he\/Breite\/Tiefe: 760\/600\/460 mm<\/p><\/div><\/div><\/article><\/div>\t\t\t\t\t\t\t\t<\/div>\n\t\t\t\t<\/div>\n\t\t\t\t<\/div>\n\t\t\t\t\t<\/div>\n\t\t\t\t<\/div>\n\t\t\t\t<\/div>\n\t\t","protected":false},"excerpt":{"rendered":"<p>Kondenstrockner Thomas H\u00e4ser GmbH Das Leistungsspektrum ist vielf\u00e4ltig, wie z.B. Unter Bautrocknung von Neubauten \u2013 Ausbauten \u2013 Umbauten eines Hauses oder einer Wohnung versteht man die Entfernung des \u00dcberschusswassers, das in den verschiedenen Materialien der Neubauten zu finden ist und das entfernt werden muss, bevor das Geb\u00e4ude bezogen wird, um weitere Feuchtigkeitssch\u00e4den zu vermeiden. Die [&hellip;]<\/p>\n","protected":false},"author":1,"featured_media":0,"parent":0,"menu_order":0,"comment_status":"closed","ping_status":"closed","template":"","meta":{"ocean_post_layout":"full-screen","ocean_both_sidebars_style":"","ocean_both_sidebars_content_width":0,"ocean_both_sidebars_sidebars_width":0,"ocean_sidebar":"","ocean_second_sidebar":"","ocean_disable_margins":"enable","ocean_add_body_class":"","ocean_shortcode_before_top_bar":"","ocean_shortcode_after_top_bar":"","ocean_shortcode_before_header":"","ocean_shortcode_after_header":"","ocean_has_shortcode":"","ocean_shortcode_after_title":"","ocean_shortcode_before_footer_widgets":"","ocean_shortcode_after_footer_widgets":"","ocean_shortcode_before_footer_bottom":"","ocean_shortcode_after_footer_bottom":"","ocean_display_top_bar":"off","ocean_display_header":"default","ocean_header_style":"","ocean_center_header_left_menu":"","ocean_custom_header_template":"","ocean_custom_logo":0,"ocean_custom_retina_logo":0,"ocean_custom_logo_max_width":0,"ocean_custom_logo_tablet_max_width":0,"ocean_custom_logo_mobile_max_width":0,"ocean_custom_logo_max_height":0,"ocean_custom_logo_tablet_max_height":0,"ocean_custom_logo_mobile_max_height":0,"ocean_header_custom_menu":"","ocean_menu_typo_font_family":"","ocean_menu_typo_font_subset":"","ocean_menu_typo_font_size":0,"ocean_menu_typo_font_size_tablet":0,"ocean_menu_typo_font_size_mobile":0,"ocean_menu_typo_font_size_unit":"px","ocean_menu_typo_font_weight":"","ocean_menu_typo_font_weight_tablet":"","ocean_menu_typo_font_weight_mobile":"","ocean_menu_typo_transform":"","ocean_menu_typo_transform_tablet":"","ocean_menu_typo_transform_mobile":"","ocean_menu_typo_line_height":0,"ocean_menu_typo_line_height_tablet":0,"ocean_menu_typo_line_height_mobile":0,"ocean_menu_typo_line_height_unit":"","ocean_menu_typo_spacing":0,"ocean_menu_typo_spacing_tablet":0,"ocean_menu_typo_spacing_mobile":0,"ocean_menu_typo_spacing_unit":"","ocean_menu_link_color":"","ocean_menu_link_color_hover":"","ocean_menu_link_color_active":"","ocean_menu_link_background":"","ocean_menu_link_hover_background":"","ocean_menu_link_active_background":"","ocean_menu_social_links_bg":"","ocean_menu_social_hover_links_bg":"","ocean_menu_social_links_color":"","ocean_menu_social_hover_links_color":"","ocean_disable_title":"on","ocean_disable_heading":"default","ocean_post_title":"","ocean_post_subheading":"","ocean_post_title_style":"","ocean_post_title_background_color":"","ocean_post_title_background":0,"ocean_post_title_bg_image_position":"","ocean_post_title_bg_image_attachment":"","ocean_post_title_bg_image_repeat":"","ocean_post_title_bg_image_size":"","ocean_post_title_height":0,"ocean_post_title_bg_overlay":0.5,"ocean_post_title_bg_overlay_color":"","ocean_disable_breadcrumbs":"default","ocean_breadcrumbs_color":"","ocean_breadcrumbs_separator_color":"","ocean_breadcrumbs_links_color":"","ocean_breadcrumbs_links_hover_color":"","ocean_display_footer_widgets":"default","ocean_display_footer_bottom":"default","ocean_custom_footer_template":"","footnotes":""},"class_list":["post-219","page","type-page","status-publish","hentry","entry"],"_links":{"self":[{"href":"https:\/\/haeser-malerbetrieb.isotestsrv.de\/index.php?rest_route=\/wp\/v2\/pages\/219","targetHints":{"allow":["GET"]}}],"collection":[{"href":"https:\/\/haeser-malerbetrieb.isotestsrv.de\/index.php?rest_route=\/wp\/v2\/pages"}],"about":[{"href":"https:\/\/haeser-malerbetrieb.isotestsrv.de\/index.php?rest_route=\/wp\/v2\/types\/page"}],"author":[{"embeddable":true,"href":"https:\/\/haeser-malerbetrieb.isotestsrv.de\/index.php?rest_route=\/wp\/v2\/users\/1"}],"replies":[{"embeddable":true,"href":"https:\/\/haeser-malerbetrieb.isotestsrv.de\/index.php?rest_route=%2Fwp%2Fv2%2Fcomments&post=219"}],"version-history":[{"count":6,"href":"https:\/\/haeser-malerbetrieb.isotestsrv.de\/index.php?rest_route=\/wp\/v2\/pages\/219\/revisions"}],"predecessor-version":[{"id":1618,"href":"https:\/\/haeser-malerbetrieb.isotestsrv.de\/index.php?rest_route=\/wp\/v2\/pages\/219\/revisions\/1618"}],"wp:attachment":[{"href":"https:\/\/haeser-malerbetrieb.isotestsrv.de\/index.php?rest_route=%2Fwp%2Fv2%2Fmedia&parent=219"}],"curies":[{"name":"wp","href":"https:\/\/api.w.org\/{rel}","templated":true}]}}