{"id":225,"date":"2025-11-02T13:43:22","date_gmt":"2025-11-02T13:43:22","guid":{"rendered":"https:\/\/haeser-malerbetrieb.isotestsrv.de\/?page_id=225"},"modified":"2025-11-11T16:26:12","modified_gmt":"2025-11-11T16:26:12","slug":"graffitibeseitigung","status":"publish","type":"page","link":"https:\/\/haeser-malerbetrieb.isotestsrv.de\/?page_id=225","title":{"rendered":"Graffitibeseitigung"},"content":{"rendered":"\t\t<div data-elementor-type=\"wp-page\" data-elementor-id=\"225\" class=\"elementor elementor-225\">\n\t\t\t\t<div class=\"elementor-element elementor-element-e7f7689 e-flex e-con-boxed e-con e-parent\" data-id=\"e7f7689\" data-element_type=\"container\" data-e-type=\"container\" data-settings=\"{&quot;background_background&quot;:&quot;classic&quot;}\">\n\t\t\t\t\t<div class=\"e-con-inner\">\n\t\t<div class=\"elementor-element elementor-element-9c6fa53 e-con-full e-flex e-con e-child\" data-id=\"9c6fa53\" data-element_type=\"container\" data-e-type=\"container\">\n\t\t\t\t<div class=\"elementor-element elementor-element-34989d4 elementor-widget elementor-widget-heading\" data-id=\"34989d4\" data-element_type=\"widget\" data-e-type=\"widget\" data-widget_type=\"heading.default\">\n\t\t\t\t\t<h2 class=\"elementor-heading-title elementor-size-default\">Graffitibeseitigung<\/h2>\t\t\t\t<\/div>\n\t\t\t\t<div class=\"elementor-element elementor-element-9519893 elementor-widget elementor-widget-heading\" data-id=\"9519893\" data-element_type=\"widget\" data-e-type=\"widget\" data-widget_type=\"heading.default\">\n\t\t\t\t\t<h2 class=\"elementor-heading-title elementor-size-default\">Thomas H\u00e4ser GmbH<\/h2>\t\t\t\t<\/div>\n\t\t\t\t<\/div>\n\t\t<div class=\"elementor-element elementor-element-75a354d e-con-full e-flex e-con e-child\" data-id=\"75a354d\" data-element_type=\"container\" data-e-type=\"container\">\n\t\t<div class=\"elementor-element elementor-element-6d6f1d2 e-con-full e-flex elementor-invisible e-con e-child\" data-id=\"6d6f1d2\" data-element_type=\"container\" data-e-type=\"container\" data-settings=\"{&quot;animation&quot;:&quot;fadeIn&quot;}\">\n\t\t\t\t<div class=\"elementor-element elementor-element-dddd637 elementor-widget elementor-widget-heading\" data-id=\"dddd637\" data-element_type=\"widget\" data-e-type=\"widget\" data-widget_type=\"heading.default\">\n\t\t\t\t\t<h2 class=\"elementor-heading-title elementor-size-default\">Kennen Sie das? H\u00e4ssliche Schmierereien auf Hausfl\u00e4chen oder Garagen?<\/h2>\t\t\t\t<\/div>\n\t\t\t\t<div class=\"elementor-element elementor-element-ee4fa63 elementor-widget elementor-widget-text-editor\" data-id=\"ee4fa63\" data-element_type=\"widget\" data-e-type=\"widget\" data-widget_type=\"text-editor.default\">\n\t\t\t\t\t\t\t\t\t<div id=\"container\" data-frontend=\"dexter\" data-frontend-state=\"\">\n<article id=\"content\" role=\"main\">\n<div id=\"post-136\" class=\"post-136 page type-page status-publish hentry\">\n<div class=\"entry-content\">\n<p>Sprechen Sie uns an zur oberfl\u00e4chenschonenden&nbsp; Graffitibeseitigung&nbsp; ohne Einsatz von chemischen Substanzen.<\/p><\/div><\/div><\/article><\/div>\t\t\t\t\t\t\t\t<\/div>\n\t\t\t\t<\/div>\n\t\t<div class=\"elementor-element elementor-element-27cc263 e-con-full e-flex elementor-invisible e-con e-child\" data-id=\"27cc263\" data-element_type=\"container\" data-e-type=\"container\" data-settings=\"{&quot;animation&quot;:&quot;fadeInDown&quot;}\">\n\t\t\t\t<div class=\"elementor-element elementor-element-4491210 elementor-widget elementor-widget-image\" data-id=\"4491210\" data-element_type=\"widget\" data-e-type=\"widget\" data-widget_type=\"image.default\">\n\t\t\t\t\t\t\t\t\t\t\t\t\t\t\t<img fetchpriority=\"high\" decoding=\"async\" width=\"1536\" height=\"1024\" src=\"https:\/\/haeser-malerbetrieb.isotestsrv.de\/wp-content\/uploads\/2025\/11\/Graffitibeseitigung.webp\" class=\"attachment-full size-full wp-image-228\" alt=\"\" srcset=\"https:\/\/haeser-malerbetrieb.isotestsrv.de\/wp-content\/uploads\/2025\/11\/Graffitibeseitigung.webp 1536w, https:\/\/haeser-malerbetrieb.isotestsrv.de\/wp-content\/uploads\/2025\/11\/Graffitibeseitigung-300x200.webp 300w, https:\/\/haeser-malerbetrieb.isotestsrv.de\/wp-content\/uploads\/2025\/11\/Graffitibeseitigung-1024x683.webp 1024w, https:\/\/haeser-malerbetrieb.isotestsrv.de\/wp-content\/uploads\/2025\/11\/Graffitibeseitigung-768x512.webp 768w\" sizes=\"(max-width: 1536px) 100vw, 1536px\" \/>\t\t\t\t\t\t\t\t\t\t\t\t\t\t\t<\/div>\n\t\t\t\t<\/div>\n\t\t\t\t<\/div>\n\t\t\t\t\t<\/div>\n\t\t\t\t<\/div>\n\t\t\t\t<\/div>\n\t\t","protected":false},"excerpt":{"rendered":"<p>Graffitibeseitigung Thomas H\u00e4ser GmbH Kennen Sie das? H\u00e4ssliche Schmierereien auf Hausfl\u00e4chen oder Garagen? Sprechen Sie uns an zur oberfl\u00e4chenschonenden&nbsp; Graffitibeseitigung&nbsp; ohne Einsatz von chemischen Substanzen.<\/p>\n","protected":false},"author":1,"featured_media":0,"parent":0,"menu_order":0,"comment_status":"closed","ping_status":"closed","template":"","meta":{"ocean_post_layout":"full-screen","ocean_both_sidebars_style":"","ocean_both_sidebars_content_width":0,"ocean_both_sidebars_sidebars_width":0,"ocean_sidebar":"","ocean_second_sidebar":"","ocean_disable_margins":"enable","ocean_add_body_class":"","ocean_shortcode_before_top_bar":"","ocean_shortcode_after_top_bar":"","ocean_shortcode_before_header":"","ocean_shortcode_after_header":"","ocean_has_shortcode":"","ocean_shortcode_after_title":"","ocean_shortcode_before_footer_widgets":"","ocean_shortcode_after_footer_widgets":"","ocean_shortcode_before_footer_bottom":"","ocean_shortcode_after_footer_bottom":"","ocean_display_top_bar":"off","ocean_display_header":"default","ocean_header_style":"","ocean_center_header_left_menu":"","ocean_custom_header_template":"","ocean_custom_logo":0,"ocean_custom_retina_logo":0,"ocean_custom_logo_max_width":0,"ocean_custom_logo_tablet_max_width":0,"ocean_custom_logo_mobile_max_width":0,"ocean_custom_logo_max_height":0,"ocean_custom_logo_tablet_max_height":0,"ocean_custom_logo_mobile_max_height":0,"ocean_header_custom_menu":"","ocean_menu_typo_font_family":"","ocean_menu_typo_font_subset":"","ocean_menu_typo_font_size":0,"ocean_menu_typo_font_size_tablet":0,"ocean_menu_typo_font_size_mobile":0,"ocean_menu_typo_font_size_unit":"px","ocean_menu_typo_font_weight":"","ocean_menu_typo_font_weight_tablet":"","ocean_menu_typo_font_weight_mobile":"","ocean_menu_typo_transform":"","ocean_menu_typo_transform_tablet":"","ocean_menu_typo_transform_mobile":"","ocean_menu_typo_line_height":0,"ocean_menu_typo_line_height_tablet":0,"ocean_menu_typo_line_height_mobile":0,"ocean_menu_typo_line_height_unit":"","ocean_menu_typo_spacing":0,"ocean_menu_typo_spacing_tablet":0,"ocean_menu_typo_spacing_mobile":0,"ocean_menu_typo_spacing_unit":"","ocean_menu_link_color":"","ocean_menu_link_color_hover":"","ocean_menu_link_color_active":"","ocean_menu_link_background":"","ocean_menu_link_hover_background":"","ocean_menu_link_active_background":"","ocean_menu_social_links_bg":"","ocean_menu_social_hover_links_bg":"","ocean_menu_social_links_color":"","ocean_menu_social_hover_links_color":"","ocean_disable_title":"on","ocean_disable_heading":"default","ocean_post_title":"","ocean_post_subheading":"","ocean_post_title_style":"","ocean_post_title_background_color":"","ocean_post_title_background":0,"ocean_post_title_bg_image_position":"","ocean_post_title_bg_image_attachment":"","ocean_post_title_bg_image_repeat":"","ocean_post_title_bg_image_size":"","ocean_post_title_height":0,"ocean_post_title_bg_overlay":0.5,"ocean_post_title_bg_overlay_color":"","ocean_disable_breadcrumbs":"default","ocean_breadcrumbs_color":"","ocean_breadcrumbs_separator_color":"","ocean_breadcrumbs_links_color":"","ocean_breadcrumbs_links_hover_color":"","ocean_display_footer_widgets":"default","ocean_display_footer_bottom":"default","ocean_custom_footer_template":"","footnotes":""},"class_list":["post-225","page","type-page","status-publish","hentry","entry"],"_links":{"self":[{"href":"https:\/\/haeser-malerbetrieb.isotestsrv.de\/index.php?rest_route=\/wp\/v2\/pages\/225","targetHints":{"allow":["GET"]}}],"collection":[{"href":"https:\/\/haeser-malerbetrieb.isotestsrv.de\/index.php?rest_route=\/wp\/v2\/pages"}],"about":[{"href":"https:\/\/haeser-malerbetrieb.isotestsrv.de\/index.php?rest_route=\/wp\/v2\/types\/page"}],"author":[{"embeddable":true,"href":"https:\/\/haeser-malerbetrieb.isotestsrv.de\/index.php?rest_route=\/wp\/v2\/users\/1"}],"replies":[{"embeddable":true,"href":"https:\/\/haeser-malerbetrieb.isotestsrv.de\/index.php?rest_route=%2Fwp%2Fv2%2Fcomments&post=225"}],"version-history":[{"count":6,"href":"https:\/\/haeser-malerbetrieb.isotestsrv.de\/index.php?rest_route=\/wp\/v2\/pages\/225\/revisions"}],"predecessor-version":[{"id":1609,"href":"https:\/\/haeser-malerbetrieb.isotestsrv.de\/index.php?rest_route=\/wp\/v2\/pages\/225\/revisions\/1609"}],"wp:attachment":[{"href":"https:\/\/haeser-malerbetrieb.isotestsrv.de\/index.php?rest_route=%2Fwp%2Fv2%2Fmedia&parent=225"}],"curies":[{"name":"wp","href":"https:\/\/api.w.org\/{rel}","templated":true}]}}