{"id":239,"date":"2025-11-02T14:07:22","date_gmt":"2025-11-02T14:07:22","guid":{"rendered":"https:\/\/haeser-malerbetrieb.isotestsrv.de\/?page_id=239"},"modified":"2025-11-11T16:39:51","modified_gmt":"2025-11-11T16:39:51","slug":"raumgestaltung","status":"publish","type":"page","link":"https:\/\/haeser-malerbetrieb.isotestsrv.de\/?page_id=239","title":{"rendered":"Raumgestaltung"},"content":{"rendered":"\t\t<div data-elementor-type=\"wp-page\" data-elementor-id=\"239\" class=\"elementor elementor-239\">\n\t\t\t\t<div class=\"elementor-element elementor-element-e7f7689 e-flex e-con-boxed e-con e-parent\" data-id=\"e7f7689\" data-element_type=\"container\" data-e-type=\"container\" data-settings=\"{&quot;background_background&quot;:&quot;classic&quot;}\">\n\t\t\t\t\t<div class=\"e-con-inner\">\n\t\t<div class=\"elementor-element elementor-element-9c6fa53 e-con-full e-flex e-con e-child\" data-id=\"9c6fa53\" data-element_type=\"container\" data-e-type=\"container\">\n\t\t\t\t<div class=\"elementor-element elementor-element-34989d4 elementor-widget elementor-widget-heading\" data-id=\"34989d4\" data-element_type=\"widget\" data-e-type=\"widget\" data-widget_type=\"heading.default\">\n\t\t\t\t\t<h2 class=\"elementor-heading-title elementor-size-default\">Raumgestaltung<\/h2>\t\t\t\t<\/div>\n\t\t\t\t<div class=\"elementor-element elementor-element-9519893 elementor-widget elementor-widget-heading\" data-id=\"9519893\" data-element_type=\"widget\" data-e-type=\"widget\" data-widget_type=\"heading.default\">\n\t\t\t\t\t<h2 class=\"elementor-heading-title elementor-size-default\">Thomas H\u00e4ser GmbH<\/h2>\t\t\t\t<\/div>\n\t\t\t\t<\/div>\n\t\t<div class=\"elementor-element elementor-element-75a354d e-con-full e-flex e-con e-child\" data-id=\"75a354d\" data-element_type=\"container\" data-e-type=\"container\">\n\t\t<div class=\"elementor-element elementor-element-6d6f1d2 e-con-full e-flex elementor-invisible e-con e-child\" data-id=\"6d6f1d2\" data-element_type=\"container\" data-e-type=\"container\" data-settings=\"{&quot;animation&quot;:&quot;fadeIn&quot;}\">\n\t\t\t\t<div class=\"elementor-element elementor-element-dddd637 elementor-widget elementor-widget-heading\" data-id=\"dddd637\" data-element_type=\"widget\" data-e-type=\"widget\" data-widget_type=\"heading.default\">\n\t\t\t\t\t<h2 class=\"elementor-heading-title elementor-size-default\">Das Leistungsspektrum ist vielf\u00e4ltig, wie z.B.<\/h2>\t\t\t\t<\/div>\n\t\t\t\t<div class=\"elementor-element elementor-element-ee4fa63 elementor-widget elementor-widget-text-editor\" data-id=\"ee4fa63\" data-element_type=\"widget\" data-e-type=\"widget\" data-widget_type=\"text-editor.default\">\n\t\t\t\t\t\t\t\t\t<p>Ob mit traditionellen oder dekorativen Maltechniken, hochwertigen Werkstoffen und individuellen Gestaltungskonzepten, unterst\u00fctzen wir Sie in der Farb- und Objektgestaltung Ihrer R\u00e4ume.<\/p>\t\t\t\t\t\t\t\t<\/div>\n\t\t\t\t<div class=\"elementor-element elementor-element-9587d95 elementor-widget elementor-widget-text-editor\" data-id=\"9587d95\" data-element_type=\"widget\" data-e-type=\"widget\" data-widget_type=\"text-editor.default\">\n\t\t\t\t\t\t\t\t\t<div id=\"container\" data-frontend=\"dexter\" data-frontend-state=\"\"><article id=\"content\" role=\"main\"><div id=\"post-144\" class=\"post-144 page type-page status-publish hentry\"><div class=\"entry-content\"><p>Unser Ziel ist es, ein m\u00f6glichst harmonisches Ambiente in Ihren R\u00e4umlichkeiten zu schaffen, in dem Sie sich wohlf\u00fchlen k\u00f6nnen.<\/p><\/div><\/div><\/article><\/div>\t\t\t\t\t\t\t\t<\/div>\n\t\t\t\t<div class=\"elementor-element elementor-element-539cb58 elementor-widget elementor-widget-text-editor\" data-id=\"539cb58\" data-element_type=\"widget\" data-e-type=\"widget\" data-widget_type=\"text-editor.default\">\n\t\t\t\t\t\t\t\t\t<div id=\"container\" data-frontend=\"dexter\" data-frontend-state=\"\">\n<article id=\"content\" role=\"main\">\n<div id=\"post-144\" class=\"post-144 page type-page status-publish hentry\">\n<div class=\"entry-content\">\n<p>Repr\u00e4sentative Fl\u00e4chen, Treppenh\u00e4user, Eingangshallen und Flure \u2013 Profitieren Sie von unserer Erfahrung und handwerklichen Kompetenz. Wir finden gemeinsam mit Ihnen ein stimmiges Farben- und Materialkonzept f\u00fcr Wand, Decke und Boden.<\/p>\n<\/div>\n<\/div>\n<\/article>\n<\/div>\t\t\t\t\t\t\t\t<\/div>\n\t\t\t\t<div class=\"elementor-element elementor-element-fd0fb89 elementor-widget elementor-widget-text-editor\" data-id=\"fd0fb89\" data-element_type=\"widget\" data-e-type=\"widget\" data-widget_type=\"text-editor.default\">\n\t\t\t\t\t\t\t\t\t<div id=\"container\" data-frontend=\"dexter\" data-frontend-state=\"\">\n<article id=\"content\" role=\"main\">\n<div id=\"post-144\" class=\"post-144 page type-page status-publish hentry\">\n<div class=\"entry-content\">\n<p><strong>Ab sofort arbeiteten wir in Kooperation mit<\/strong><br><strong>einer kreativen Innenarchitektin zusammen.<\/strong><\/p>\n<\/div>\n<\/div>\n<\/article>\n<\/div>\t\t\t\t\t\t\t\t<\/div>\n\t\t\t\t<div class=\"elementor-element elementor-element-c67ccc9 elementor-widget elementor-widget-text-editor\" data-id=\"c67ccc9\" data-element_type=\"widget\" data-e-type=\"widget\" data-widget_type=\"text-editor.default\">\n\t\t\t\t\t\t\t\t\t<div id=\"container\" data-frontend=\"dexter\" data-frontend-state=\"\">\n<article id=\"content\" role=\"main\">\n<div id=\"post-144\" class=\"post-144 page type-page status-publish hentry\">\n<div class=\"entry-content\">\n<p>Die Expertin f\u00fcr individuelle Innenrauml\u00f6sungen hilft unseren Kunden, beeindruckende Gestaltungsideen zu planen und perfekt umzusetzen.<\/p>\n<\/div>\n<\/div>\n<\/article>\n<\/div>\t\t\t\t\t\t\t\t<\/div>\n\t\t\t\t<div class=\"elementor-element elementor-element-6e7f3ea elementor-widget elementor-widget-text-editor\" data-id=\"6e7f3ea\" data-element_type=\"widget\" data-e-type=\"widget\" data-widget_type=\"text-editor.default\">\n\t\t\t\t\t\t\t\t\t<div id=\"container\" data-frontend=\"dexter\" data-frontend-state=\"\">\n<article id=\"content\" role=\"main\">\n<div id=\"post-144\" class=\"post-144 page type-page status-publish hentry\">\n<div class=\"entry-content\">\n<p>Sie d\u00fcrfen eine detaillierte Planung und Gestaltung von echten Wohlf\u00fchlr\u00e4umen erwarten, ganz gleich ob gewerblich oder privat genutzt. Au\u00dfergew\u00f6hnliche Wohnwelten nach individuellen W\u00fcnschen und Bed\u00fcrfnissen werden geschaffen.<\/p>\n<\/div>\n<\/div>\n<\/article>\n<\/div>\t\t\t\t\t\t\t\t<\/div>\n\t\t\t\t<div class=\"elementor-element elementor-element-ab52b6c elementor-widget elementor-widget-text-editor\" data-id=\"ab52b6c\" data-element_type=\"widget\" data-e-type=\"widget\" data-widget_type=\"text-editor.default\">\n\t\t\t\t\t\t\t\t\t<div id=\"container\" data-frontend=\"dexter\" data-frontend-state=\"\">\n<article id=\"content\" role=\"main\">\n<div id=\"post-144\" class=\"post-144 page type-page status-publish hentry\">\n<div class=\"entry-content\">\n<p>Dieser Service f\u00fcr jedes Bauvorhaben reicht von der professionellen Wohnberatung f\u00fcr den Endkunden \u00fcber Entwurfs- und Planungszeichnungen bis hin zur Baubetreuung und Bauleitung vor Ort.<\/p>\n<p>\u00a0<\/p>\n<\/div>\n<\/div>\n<\/article>\n<\/div>\t\t\t\t\t\t\t\t<\/div>\n\t\t\t\t<\/div>\n\t\t<div class=\"elementor-element elementor-element-27cc263 e-con-full e-flex elementor-invisible e-con e-child\" data-id=\"27cc263\" data-element_type=\"container\" data-e-type=\"container\" data-settings=\"{&quot;animation&quot;:&quot;fadeInDown&quot;}\">\n\t\t<div class=\"elementor-element elementor-element-ce07fe3 e-con-full e-flex e-con e-child\" data-id=\"ce07fe3\" data-element_type=\"container\" data-e-type=\"container\">\n\t\t\t\t<div class=\"elementor-element elementor-element-4491210 elementor-widget elementor-widget-image\" data-id=\"4491210\" data-element_type=\"widget\" data-e-type=\"widget\" data-widget_type=\"image.default\">\n\t\t\t\t\t\t\t\t\t\t\t\t\t\t\t<img fetchpriority=\"high\" decoding=\"async\" width=\"800\" height=\"533\" src=\"https:\/\/haeser-malerbetrieb.isotestsrv.de\/wp-content\/uploads\/2025\/11\/Raumgestaltung_Raum4.jpg\" class=\"attachment-full size-full wp-image-244\" alt=\"\" srcset=\"https:\/\/haeser-malerbetrieb.isotestsrv.de\/wp-content\/uploads\/2025\/11\/Raumgestaltung_Raum4.jpg 800w, https:\/\/haeser-malerbetrieb.isotestsrv.de\/wp-content\/uploads\/2025\/11\/Raumgestaltung_Raum4-300x200.jpg 300w, https:\/\/haeser-malerbetrieb.isotestsrv.de\/wp-content\/uploads\/2025\/11\/Raumgestaltung_Raum4-768x512.jpg 768w\" sizes=\"(max-width: 800px) 100vw, 800px\" \/>\t\t\t\t\t\t\t\t\t\t\t\t\t\t\t<\/div>\n\t\t\t\t<div class=\"elementor-element elementor-element-876ef72 elementor-widget elementor-widget-image\" data-id=\"876ef72\" data-element_type=\"widget\" data-e-type=\"widget\" data-widget_type=\"image.default\">\n\t\t\t\t\t\t\t\t\t\t\t\t\t\t\t<img decoding=\"async\" width=\"749\" height=\"600\" src=\"https:\/\/haeser-malerbetrieb.isotestsrv.de\/wp-content\/uploads\/2025\/11\/Raumgestaltung_Raum3.jpg\" class=\"attachment-full size-full wp-image-243\" alt=\"\" srcset=\"https:\/\/haeser-malerbetrieb.isotestsrv.de\/wp-content\/uploads\/2025\/11\/Raumgestaltung_Raum3.jpg 749w, https:\/\/haeser-malerbetrieb.isotestsrv.de\/wp-content\/uploads\/2025\/11\/Raumgestaltung_Raum3-300x240.jpg 300w\" sizes=\"(max-width: 749px) 100vw, 749px\" \/>\t\t\t\t\t\t\t\t\t\t\t\t\t\t\t<\/div>\n\t\t\t\t<\/div>\n\t\t<div class=\"elementor-element elementor-element-07b65d4 e-con-full e-flex e-con e-child\" data-id=\"07b65d4\" data-element_type=\"container\" data-e-type=\"container\">\n\t\t\t\t<div class=\"elementor-element elementor-element-f3ceb0e elementor-widget elementor-widget-image\" data-id=\"f3ceb0e\" data-element_type=\"widget\" data-e-type=\"widget\" data-widget_type=\"image.default\">\n\t\t\t\t\t\t\t\t\t\t\t\t\t\t\t<img decoding=\"async\" width=\"600\" height=\"754\" src=\"https:\/\/haeser-malerbetrieb.isotestsrv.de\/wp-content\/uploads\/2025\/11\/Raumgestaltung_Raum1.jpg\" class=\"attachment-full size-full wp-image-242\" alt=\"\" srcset=\"https:\/\/haeser-malerbetrieb.isotestsrv.de\/wp-content\/uploads\/2025\/11\/Raumgestaltung_Raum1.jpg 600w, https:\/\/haeser-malerbetrieb.isotestsrv.de\/wp-content\/uploads\/2025\/11\/Raumgestaltung_Raum1-239x300.jpg 239w\" sizes=\"(max-width: 600px) 100vw, 600px\" \/>\t\t\t\t\t\t\t\t\t\t\t\t\t\t\t<\/div>\n\t\t\t\t<div class=\"elementor-element elementor-element-7cacfed elementor-widget elementor-widget-image\" data-id=\"7cacfed\" data-element_type=\"widget\" data-e-type=\"widget\" data-widget_type=\"image.default\">\n\t\t\t\t\t\t\t\t\t\t\t\t\t\t\t<img loading=\"lazy\" decoding=\"async\" width=\"345\" height=\"306\" src=\"https:\/\/haeser-malerbetrieb.isotestsrv.de\/wp-content\/uploads\/2025\/11\/Raumgestaltung_Raumgestaltung2.jpg\" class=\"attachment-full size-full wp-image-241\" alt=\"\" srcset=\"https:\/\/haeser-malerbetrieb.isotestsrv.de\/wp-content\/uploads\/2025\/11\/Raumgestaltung_Raumgestaltung2.jpg 345w, https:\/\/haeser-malerbetrieb.isotestsrv.de\/wp-content\/uploads\/2025\/11\/Raumgestaltung_Raumgestaltung2-300x266.jpg 300w\" sizes=\"(max-width: 345px) 100vw, 345px\" \/>\t\t\t\t\t\t\t\t\t\t\t\t\t\t\t<\/div>\n\t\t\t\t<\/div>\n\t\t\t\t<\/div>\n\t\t\t\t<\/div>\n\t\t\t\t\t<\/div>\n\t\t\t\t<\/div>\n\t\t\t\t<\/div>\n\t\t","protected":false},"excerpt":{"rendered":"<p>Raumgestaltung Thomas H\u00e4ser GmbH Das Leistungsspektrum ist vielf\u00e4ltig, wie z.B. Ob mit traditionellen oder dekorativen Maltechniken, hochwertigen Werkstoffen und individuellen Gestaltungskonzepten, unterst\u00fctzen wir Sie in der Farb- und Objektgestaltung Ihrer R\u00e4ume. Unser Ziel ist es, ein m\u00f6glichst harmonisches Ambiente in Ihren R\u00e4umlichkeiten zu schaffen, in dem Sie sich wohlf\u00fchlen k\u00f6nnen. Repr\u00e4sentative Fl\u00e4chen, Treppenh\u00e4user, Eingangshallen und [&hellip;]<\/p>\n","protected":false},"author":1,"featured_media":0,"parent":0,"menu_order":0,"comment_status":"closed","ping_status":"closed","template":"","meta":{"ocean_post_layout":"full-screen","ocean_both_sidebars_style":"","ocean_both_sidebars_content_width":0,"ocean_both_sidebars_sidebars_width":0,"ocean_sidebar":"","ocean_second_sidebar":"","ocean_disable_margins":"enable","ocean_add_body_class":"","ocean_shortcode_before_top_bar":"","ocean_shortcode_after_top_bar":"","ocean_shortcode_before_header":"","ocean_shortcode_after_header":"","ocean_has_shortcode":"","ocean_shortcode_after_title":"","ocean_shortcode_before_footer_widgets":"","ocean_shortcode_after_footer_widgets":"","ocean_shortcode_before_footer_bottom":"","ocean_shortcode_after_footer_bottom":"","ocean_display_top_bar":"off","ocean_display_header":"default","ocean_header_style":"","ocean_center_header_left_menu":"","ocean_custom_header_template":"","ocean_custom_logo":0,"ocean_custom_retina_logo":0,"ocean_custom_logo_max_width":0,"ocean_custom_logo_tablet_max_width":0,"ocean_custom_logo_mobile_max_width":0,"ocean_custom_logo_max_height":0,"ocean_custom_logo_tablet_max_height":0,"ocean_custom_logo_mobile_max_height":0,"ocean_header_custom_menu":"","ocean_menu_typo_font_family":"","ocean_menu_typo_font_subset":"","ocean_menu_typo_font_size":0,"ocean_menu_typo_font_size_tablet":0,"ocean_menu_typo_font_size_mobile":0,"ocean_menu_typo_font_size_unit":"px","ocean_menu_typo_font_weight":"","ocean_menu_typo_font_weight_tablet":"","ocean_menu_typo_font_weight_mobile":"","ocean_menu_typo_transform":"","ocean_menu_typo_transform_tablet":"","ocean_menu_typo_transform_mobile":"","ocean_menu_typo_line_height":0,"ocean_menu_typo_line_height_tablet":0,"ocean_menu_typo_line_height_mobile":0,"ocean_menu_typo_line_height_unit":"","ocean_menu_typo_spacing":0,"ocean_menu_typo_spacing_tablet":0,"ocean_menu_typo_spacing_mobile":0,"ocean_menu_typo_spacing_unit":"","ocean_menu_link_color":"","ocean_menu_link_color_hover":"","ocean_menu_link_color_active":"","ocean_menu_link_background":"","ocean_menu_link_hover_background":"","ocean_menu_link_active_background":"","ocean_menu_social_links_bg":"","ocean_menu_social_hover_links_bg":"","ocean_menu_social_links_color":"","ocean_menu_social_hover_links_color":"","ocean_disable_title":"on","ocean_disable_heading":"default","ocean_post_title":"","ocean_post_subheading":"","ocean_post_title_style":"","ocean_post_title_background_color":"","ocean_post_title_background":0,"ocean_post_title_bg_image_position":"","ocean_post_title_bg_image_attachment":"","ocean_post_title_bg_image_repeat":"","ocean_post_title_bg_image_size":"","ocean_post_title_height":0,"ocean_post_title_bg_overlay":0.5,"ocean_post_title_bg_overlay_color":"","ocean_disable_breadcrumbs":"default","ocean_breadcrumbs_color":"","ocean_breadcrumbs_separator_color":"","ocean_breadcrumbs_links_color":"","ocean_breadcrumbs_links_hover_color":"","ocean_display_footer_widgets":"default","ocean_display_footer_bottom":"default","ocean_custom_footer_template":"","footnotes":""},"class_list":["post-239","page","type-page","status-publish","hentry","entry"],"_links":{"self":[{"href":"https:\/\/haeser-malerbetrieb.isotestsrv.de\/index.php?rest_route=\/wp\/v2\/pages\/239","targetHints":{"allow":["GET"]}}],"collection":[{"href":"https:\/\/haeser-malerbetrieb.isotestsrv.de\/index.php?rest_route=\/wp\/v2\/pages"}],"about":[{"href":"https:\/\/haeser-malerbetrieb.isotestsrv.de\/index.php?rest_route=\/wp\/v2\/types\/page"}],"author":[{"embeddable":true,"href":"https:\/\/haeser-malerbetrieb.isotestsrv.de\/index.php?rest_route=\/wp\/v2\/users\/1"}],"replies":[{"embeddable":true,"href":"https:\/\/haeser-malerbetrieb.isotestsrv.de\/index.php?rest_route=%2Fwp%2Fv2%2Fcomments&post=239"}],"version-history":[{"count":9,"href":"https:\/\/haeser-malerbetrieb.isotestsrv.de\/index.php?rest_route=\/wp\/v2\/pages\/239\/revisions"}],"predecessor-version":[{"id":1657,"href":"https:\/\/haeser-malerbetrieb.isotestsrv.de\/index.php?rest_route=\/wp\/v2\/pages\/239\/revisions\/1657"}],"wp:attachment":[{"href":"https:\/\/haeser-malerbetrieb.isotestsrv.de\/index.php?rest_route=%2Fwp%2Fv2%2Fmedia&parent=239"}],"curies":[{"name":"wp","href":"https:\/\/api.w.org\/{rel}","templated":true}]}}