{"id":294,"date":"2025-11-02T14:24:42","date_gmt":"2025-11-02T14:24:42","guid":{"rendered":"https:\/\/haeser-malerbetrieb.isotestsrv.de\/?page_id=294"},"modified":"2025-11-11T16:37:27","modified_gmt":"2025-11-11T16:37:27","slug":"fassadendesign","status":"publish","type":"page","link":"https:\/\/haeser-malerbetrieb.isotestsrv.de\/?page_id=294","title":{"rendered":"Fassadendesign"},"content":{"rendered":"\t\t<div data-elementor-type=\"wp-page\" data-elementor-id=\"294\" class=\"elementor elementor-294\">\n\t\t\t\t<div class=\"elementor-element elementor-element-e7f7689 e-flex e-con-boxed e-con e-parent\" data-id=\"e7f7689\" data-element_type=\"container\" data-e-type=\"container\" data-settings=\"{&quot;background_background&quot;:&quot;classic&quot;}\">\n\t\t\t\t\t<div class=\"e-con-inner\">\n\t\t<div class=\"elementor-element elementor-element-9c6fa53 e-con-full e-flex e-con e-child\" data-id=\"9c6fa53\" data-element_type=\"container\" data-e-type=\"container\">\n\t\t\t\t<div class=\"elementor-element elementor-element-34989d4 elementor-widget elementor-widget-heading\" data-id=\"34989d4\" data-element_type=\"widget\" data-e-type=\"widget\" data-widget_type=\"heading.default\">\n\t\t\t\t\t<h2 class=\"elementor-heading-title elementor-size-default\">Fassadendesign<\/h2>\t\t\t\t<\/div>\n\t\t\t\t<div class=\"elementor-element elementor-element-9519893 elementor-widget elementor-widget-heading\" data-id=\"9519893\" data-element_type=\"widget\" data-e-type=\"widget\" data-widget_type=\"heading.default\">\n\t\t\t\t\t<h2 class=\"elementor-heading-title elementor-size-default\">Thomas H\u00e4ser GmbH<\/h2>\t\t\t\t<\/div>\n\t\t\t\t<\/div>\n\t\t<div class=\"elementor-element elementor-element-75a354d e-con-full e-flex e-con e-child\" data-id=\"75a354d\" data-element_type=\"container\" data-e-type=\"container\">\n\t\t<div class=\"elementor-element elementor-element-6d6f1d2 e-con-full e-flex elementor-invisible e-con e-child\" data-id=\"6d6f1d2\" data-element_type=\"container\" data-e-type=\"container\" data-settings=\"{&quot;animation&quot;:&quot;fadeIn&quot;}\">\n\t\t\t\t<div class=\"elementor-element elementor-element-dddd637 elementor-widget elementor-widget-heading\" data-id=\"dddd637\" data-element_type=\"widget\" data-e-type=\"widget\" data-widget_type=\"heading.default\">\n\t\t\t\t\t<h2 class=\"elementor-heading-title elementor-size-default\">Das Leistungsspektrum ist vielf\u00e4ltig, wie z.B.<\/h2>\t\t\t\t<\/div>\n\t\t\t\t<div class=\"elementor-element elementor-element-ee4fa63 elementor-widget elementor-widget-text-editor\" data-id=\"ee4fa63\" data-element_type=\"widget\" data-e-type=\"widget\" data-widget_type=\"text-editor.default\">\n\t\t\t\t\t\t\t\t\t<p>Der \u00e4u\u00dfere Eindruck eines Geb\u00e4udes bestimmt in den meisten F\u00e4llen den Wohnwert mit. Wesentlichen Anteil daran hat hier die Fassade.<\/p>\t\t\t\t\t\t\t\t<\/div>\n\t\t\t\t<div class=\"elementor-element elementor-element-9587d95 elementor-widget elementor-widget-text-editor\" data-id=\"9587d95\" data-element_type=\"widget\" data-e-type=\"widget\" data-widget_type=\"text-editor.default\">\n\t\t\t\t\t\t\t\t\t<div id=\"container\" data-frontend=\"dexter\" data-frontend-state=\"\">\n<article id=\"content\" role=\"main\">\n<div id=\"post-144\" class=\"post-144 page type-page status-publish hentry\">\n<div class=\"entry-content\">\n<p>Eine gut gestaltete Fassade vermittelt Wohnqualit\u00e4t und beeinflusst den Marktwert. Handwerkliche Kompetenz durch kontinuierliche Weiterbildungen in den unterschiedlichen Gestaltungsm\u00f6glichkeiten einer Fassade und starke Partner mit innovativen Materialien erm\u00f6glichen uns, die an uns gestellten Kundenanforderungen erfolgreich und professionell zu bedienen.<\/p>\n<\/div>\n<\/div>\n<\/article>\n<\/div>\t\t\t\t\t\t\t\t<\/div>\n\t\t\t\t<\/div>\n\t\t<div class=\"elementor-element elementor-element-27cc263 e-con-full e-flex elementor-invisible e-con e-child\" data-id=\"27cc263\" data-element_type=\"container\" data-e-type=\"container\" data-settings=\"{&quot;animation&quot;:&quot;fadeInDown&quot;}\">\n\t\t\t\t<div class=\"elementor-element elementor-element-4019a14 elementor-widget elementor-widget-image\" data-id=\"4019a14\" data-element_type=\"widget\" data-e-type=\"widget\" data-widget_type=\"image.default\">\n\t\t\t\t\t\t\t\t\t\t\t\t\t\t\t\t<a href=\"https:\/\/haeser-malerbetrieb.isotestsrv.de\/wp-content\/uploads\/2025\/11\/Fassadendesign_Fassade2.jpg\" data-elementor-open-lightbox=\"yes\" data-e-action-hash=\"#elementor-action%3Aaction%3Dlightbox%26settings%3DeyJpZCI6Mjk3LCJ1cmwiOiJodHRwczpcL1wvaGFlc2VyLW1hbGVyYmV0cmllYi5pc290ZXN0c3J2LmRlXC93cC1jb250ZW50XC91cGxvYWRzXC8yMDI1XC8xMVwvRmFzc2FkZW5kZXNpZ25fRmFzc2FkZTIuanBnIn0%3D\">\n\t\t\t\t\t\t\t<img fetchpriority=\"high\" decoding=\"async\" width=\"212\" height=\"300\" src=\"https:\/\/haeser-malerbetrieb.isotestsrv.de\/wp-content\/uploads\/2025\/11\/Fassadendesign_Fassade2-212x300.jpg\" class=\"elementor-animation-grow attachment-medium size-medium wp-image-297\" alt=\"\" srcset=\"https:\/\/haeser-malerbetrieb.isotestsrv.de\/wp-content\/uploads\/2025\/11\/Fassadendesign_Fassade2-212x300.jpg 212w, https:\/\/haeser-malerbetrieb.isotestsrv.de\/wp-content\/uploads\/2025\/11\/Fassadendesign_Fassade2-722x1024.jpg 722w, https:\/\/haeser-malerbetrieb.isotestsrv.de\/wp-content\/uploads\/2025\/11\/Fassadendesign_Fassade2-768x1089.jpg 768w, https:\/\/haeser-malerbetrieb.isotestsrv.de\/wp-content\/uploads\/2025\/11\/Fassadendesign_Fassade2.jpg 837w\" sizes=\"(max-width: 212px) 100vw, 212px\" \/>\t\t\t\t\t\t\t\t<\/a>\n\t\t\t\t\t\t\t\t\t\t\t\t\t\t\t<\/div>\n\t\t\t\t<div class=\"elementor-element elementor-element-75b4727 elementor-widget elementor-widget-image\" data-id=\"75b4727\" data-element_type=\"widget\" data-e-type=\"widget\" data-widget_type=\"image.default\">\n\t\t\t\t\t\t\t\t\t\t\t\t\t\t\t\t<a href=\"https:\/\/haeser-malerbetrieb.isotestsrv.de\/wp-content\/uploads\/2025\/11\/Fassadendesign_Fassade1.jpg\" data-elementor-open-lightbox=\"yes\" data-e-action-hash=\"#elementor-action%3Aaction%3Dlightbox%26settings%3DeyJpZCI6Mjk4LCJ1cmwiOiJodHRwczpcL1wvaGFlc2VyLW1hbGVyYmV0cmllYi5pc290ZXN0c3J2LmRlXC93cC1jb250ZW50XC91cGxvYWRzXC8yMDI1XC8xMVwvRmFzc2FkZW5kZXNpZ25fRmFzc2FkZTEuanBnIn0%3D\">\n\t\t\t\t\t\t\t<img decoding=\"async\" width=\"205\" height=\"300\" src=\"https:\/\/haeser-malerbetrieb.isotestsrv.de\/wp-content\/uploads\/2025\/11\/Fassadendesign_Fassade1-205x300.jpg\" class=\"elementor-animation-grow attachment-medium size-medium wp-image-298\" alt=\"\" srcset=\"https:\/\/haeser-malerbetrieb.isotestsrv.de\/wp-content\/uploads\/2025\/11\/Fassadendesign_Fassade1-205x300.jpg 205w, https:\/\/haeser-malerbetrieb.isotestsrv.de\/wp-content\/uploads\/2025\/11\/Fassadendesign_Fassade1-698x1024.jpg 698w, https:\/\/haeser-malerbetrieb.isotestsrv.de\/wp-content\/uploads\/2025\/11\/Fassadendesign_Fassade1.jpg 746w\" sizes=\"(max-width: 205px) 100vw, 205px\" \/>\t\t\t\t\t\t\t\t<\/a>\n\t\t\t\t\t\t\t\t\t\t\t\t\t\t\t<\/div>\n\t\t\t\t<div class=\"elementor-element elementor-element-c718984 elementor-widget elementor-widget-image\" data-id=\"c718984\" data-element_type=\"widget\" data-e-type=\"widget\" data-widget_type=\"image.default\">\n\t\t\t\t\t\t\t\t\t\t\t\t\t\t\t\t<a href=\"https:\/\/haeser-malerbetrieb.isotestsrv.de\/wp-content\/uploads\/2025\/11\/Fassadendesign_Fassade-v2.webp\" data-elementor-open-lightbox=\"yes\" data-e-action-hash=\"#elementor-action%3Aaction%3Dlightbox%26settings%3DeyJpZCI6MTExMCwidXJsIjoiaHR0cHM6XC9cL2hhZXNlci1tYWxlcmJldHJpZWIuaXNvdGVzdHNydi5kZVwvd3AtY29udGVudFwvdXBsb2Fkc1wvMjAyNVwvMTFcL0Zhc3NhZGVuZGVzaWduX0Zhc3NhZGUtdjIud2VicCJ9\">\n\t\t\t\t\t\t\t<img decoding=\"async\" width=\"205\" height=\"300\" src=\"https:\/\/haeser-malerbetrieb.isotestsrv.de\/wp-content\/uploads\/2025\/11\/Fassadendesign_Fassade-v2-205x300.webp\" class=\"elementor-animation-grow attachment-medium size-medium wp-image-1110\" alt=\"\" srcset=\"https:\/\/haeser-malerbetrieb.isotestsrv.de\/wp-content\/uploads\/2025\/11\/Fassadendesign_Fassade-v2-205x300.webp 205w, https:\/\/haeser-malerbetrieb.isotestsrv.de\/wp-content\/uploads\/2025\/11\/Fassadendesign_Fassade-v2-698x1024.webp 698w, https:\/\/haeser-malerbetrieb.isotestsrv.de\/wp-content\/uploads\/2025\/11\/Fassadendesign_Fassade-v2.webp 746w\" sizes=\"(max-width: 205px) 100vw, 205px\" \/>\t\t\t\t\t\t\t\t<\/a>\n\t\t\t\t\t\t\t\t\t\t\t\t\t\t\t<\/div>\n\t\t\t\t<\/div>\n\t\t\t\t<\/div>\n\t\t\t\t\t<\/div>\n\t\t\t\t<\/div>\n\t\t\t\t<\/div>\n\t\t","protected":false},"excerpt":{"rendered":"<p>Fassadendesign Thomas H\u00e4ser GmbH Das Leistungsspektrum ist vielf\u00e4ltig, wie z.B. Der \u00e4u\u00dfere Eindruck eines Geb\u00e4udes bestimmt in den meisten F\u00e4llen den Wohnwert mit. Wesentlichen Anteil daran hat hier die Fassade. Eine gut gestaltete Fassade vermittelt Wohnqualit\u00e4t und beeinflusst den Marktwert. Handwerkliche Kompetenz durch kontinuierliche Weiterbildungen in den unterschiedlichen Gestaltungsm\u00f6glichkeiten einer Fassade und starke Partner mit [&hellip;]<\/p>\n","protected":false},"author":1,"featured_media":0,"parent":0,"menu_order":0,"comment_status":"closed","ping_status":"closed","template":"","meta":{"ocean_post_layout":"full-screen","ocean_both_sidebars_style":"","ocean_both_sidebars_content_width":0,"ocean_both_sidebars_sidebars_width":0,"ocean_sidebar":"","ocean_second_sidebar":"","ocean_disable_margins":"enable","ocean_add_body_class":"","ocean_shortcode_before_top_bar":"","ocean_shortcode_after_top_bar":"","ocean_shortcode_before_header":"","ocean_shortcode_after_header":"","ocean_has_shortcode":"","ocean_shortcode_after_title":"","ocean_shortcode_before_footer_widgets":"","ocean_shortcode_after_footer_widgets":"","ocean_shortcode_before_footer_bottom":"","ocean_shortcode_after_footer_bottom":"","ocean_display_top_bar":"off","ocean_display_header":"default","ocean_header_style":"","ocean_center_header_left_menu":"","ocean_custom_header_template":"","ocean_custom_logo":0,"ocean_custom_retina_logo":0,"ocean_custom_logo_max_width":0,"ocean_custom_logo_tablet_max_width":0,"ocean_custom_logo_mobile_max_width":0,"ocean_custom_logo_max_height":0,"ocean_custom_logo_tablet_max_height":0,"ocean_custom_logo_mobile_max_height":0,"ocean_header_custom_menu":"","ocean_menu_typo_font_family":"","ocean_menu_typo_font_subset":"","ocean_menu_typo_font_size":0,"ocean_menu_typo_font_size_tablet":0,"ocean_menu_typo_font_size_mobile":0,"ocean_menu_typo_font_size_unit":"px","ocean_menu_typo_font_weight":"","ocean_menu_typo_font_weight_tablet":"","ocean_menu_typo_font_weight_mobile":"","ocean_menu_typo_transform":"","ocean_menu_typo_transform_tablet":"","ocean_menu_typo_transform_mobile":"","ocean_menu_typo_line_height":0,"ocean_menu_typo_line_height_tablet":0,"ocean_menu_typo_line_height_mobile":0,"ocean_menu_typo_line_height_unit":"","ocean_menu_typo_spacing":0,"ocean_menu_typo_spacing_tablet":0,"ocean_menu_typo_spacing_mobile":0,"ocean_menu_typo_spacing_unit":"","ocean_menu_link_color":"","ocean_menu_link_color_hover":"","ocean_menu_link_color_active":"","ocean_menu_link_background":"","ocean_menu_link_hover_background":"","ocean_menu_link_active_background":"","ocean_menu_social_links_bg":"","ocean_menu_social_hover_links_bg":"","ocean_menu_social_links_color":"","ocean_menu_social_hover_links_color":"","ocean_disable_title":"on","ocean_disable_heading":"default","ocean_post_title":"","ocean_post_subheading":"","ocean_post_title_style":"","ocean_post_title_background_color":"","ocean_post_title_background":0,"ocean_post_title_bg_image_position":"","ocean_post_title_bg_image_attachment":"","ocean_post_title_bg_image_repeat":"","ocean_post_title_bg_image_size":"","ocean_post_title_height":0,"ocean_post_title_bg_overlay":0.5,"ocean_post_title_bg_overlay_color":"","ocean_disable_breadcrumbs":"default","ocean_breadcrumbs_color":"","ocean_breadcrumbs_separator_color":"","ocean_breadcrumbs_links_color":"","ocean_breadcrumbs_links_hover_color":"","ocean_display_footer_widgets":"default","ocean_display_footer_bottom":"default","ocean_custom_footer_template":"","footnotes":""},"class_list":["post-294","page","type-page","status-publish","hentry","entry"],"_links":{"self":[{"href":"https:\/\/haeser-malerbetrieb.isotestsrv.de\/index.php?rest_route=\/wp\/v2\/pages\/294","targetHints":{"allow":["GET"]}}],"collection":[{"href":"https:\/\/haeser-malerbetrieb.isotestsrv.de\/index.php?rest_route=\/wp\/v2\/pages"}],"about":[{"href":"https:\/\/haeser-malerbetrieb.isotestsrv.de\/index.php?rest_route=\/wp\/v2\/types\/page"}],"author":[{"embeddable":true,"href":"https:\/\/haeser-malerbetrieb.isotestsrv.de\/index.php?rest_route=\/wp\/v2\/users\/1"}],"replies":[{"embeddable":true,"href":"https:\/\/haeser-malerbetrieb.isotestsrv.de\/index.php?rest_route=%2Fwp%2Fv2%2Fcomments&post=294"}],"version-history":[{"count":12,"href":"https:\/\/haeser-malerbetrieb.isotestsrv.de\/index.php?rest_route=\/wp\/v2\/pages\/294\/revisions"}],"predecessor-version":[{"id":1642,"href":"https:\/\/haeser-malerbetrieb.isotestsrv.de\/index.php?rest_route=\/wp\/v2\/pages\/294\/revisions\/1642"}],"wp:attachment":[{"href":"https:\/\/haeser-malerbetrieb.isotestsrv.de\/index.php?rest_route=%2Fwp%2Fv2%2Fmedia&parent=294"}],"curies":[{"name":"wp","href":"https:\/\/api.w.org\/{rel}","templated":true}]}}